{"id":18,"date":"2023-07-07T09:11:07","date_gmt":"2023-07-07T09:11:07","guid":{"rendered":"https:\/\/svskc.nedigoit.de\/?page_id=18"},"modified":"2023-10-18T07:16:05","modified_gmt":"2023-10-18T07:16:05","slug":"startseite","status":"publish","type":"page","link":"https:\/\/svskc.de\/","title":{"rendered":"Startseite"},"content":{"rendered":"\n<div class=\"wp-block-nk-awb nk-awb alignfull\"><div class=\"nk-awb-wrap\" data-awb-type=\"image\" data-awb-parallax=\"scroll\" data-awb-parallax-speed=\"0.5\" data-awb-parallax-mobile=\"true\" data-awb-image-background-size=\"cover\" data-awb-image-background-position=\"50% 50%\"><div class=\"nk-awb-inner\"><img loading=\"lazy\" decoding=\"async\" src=\"https:\/\/svskc.de\/wp-content\/uploads\/2023\/07\/silk-orange.jpg\" class=\"wp-image-54 jarallax-img\" width=\"1920\" height=\"1080\" srcset=\"https:\/\/svskc.de\/wp-content\/uploads\/2023\/07\/silk-orange.jpg 1920w, https:\/\/svskc.de\/wp-content\/uploads\/2023\/07\/silk-orange-300x169.jpg 300w, https:\/\/svskc.de\/wp-content\/uploads\/2023\/07\/silk-orange-1024x576.jpg 1024w, https:\/\/svskc.de\/wp-content\/uploads\/2023\/07\/silk-orange-768x432.jpg 768w, https:\/\/svskc.de\/wp-content\/uploads\/2023\/07\/silk-orange-1536x864.jpg 1536w, https:\/\/svskc.de\/wp-content\/uploads\/2023\/07\/silk-orange-500x281.jpg 500w, https:\/\/svskc.de\/wp-content\/uploads\/2023\/07\/silk-orange-800x450.jpg 800w, https:\/\/svskc.de\/wp-content\/uploads\/2023\/07\/silk-orange-1280x720.jpg 1280w\" sizes=\"auto, (max-width: 1920px) 100vw, 1920px\" \/><\/div><\/div><div class=\"nk-awb-wrap-content is-layout-constrained wp-block-nk-awb-is-layout-constrained\">\n<div style=\"height:100px\" aria-hidden=\"true\" class=\"wp-block-spacer\"><\/div>\n\n\n\n<div class=\"wp-block-columns is-layout-flex wp-container-core-columns-is-layout-9d6595d7 wp-block-columns-is-layout-flex\">\n<div class=\"wp-block-column infobox is-layout-flow wp-block-column-is-layout-flow\">\n<p class=\"has-text-align-center\"><i class=\"fas fa-heart infoicon\"><\/i><\/p>\n\n\n\n<h2 class=\"wp-block-heading has-text-align-center has-text-color\" id=\"unsere-vision\" style=\"color:#1c3a92\"><strong>Unsere Vision<\/strong><\/h2>\n\n\n\n<p class=\"has-text-align-center\">Unsere Vision ist es, Kindern eine gesunde und ausgewogene Ern\u00e4hrung zu bieten, die sie nicht nur s\u00e4ttigt, sondern auch ihre k\u00f6rperliche und geistige Entwicklung f\u00f6rdert. Durch frische Zutaten, kreative Gerichte und eine liebevolle Zubereitung m\u00f6chten wir den Grundstein f\u00fcr lebenslange Essgewohnheiten legen.<\/p>\n<\/div>\n\n\n\n<div class=\"wp-block-column infobox is-layout-flow wp-block-column-is-layout-flow\">\n<p class=\"has-text-align-center\"><i class=\"fas fa-heart infoicon\"><\/i><\/p>\n\n\n\n<h2 class=\"wp-block-heading has-text-align-center has-text-color\" id=\"unser-angebot\" style=\"color:#1c3a92\"><strong>Unser Angebot<\/strong><\/h2>\n\n\n\n<p class=\"has-text-align-center\">Wir bieten eine vielf\u00e4ltige Auswahl an gesunden Speisen f\u00fcr Schulen und Kinderg\u00e4rten. Unsere Men\u00fcs werden mit frischen, hochwertigen Zutaten zubereitet und sorgf\u00e4ltig auf die Bed\u00fcrfnisse und Vorlieben der Kinder abgestimmt. Von bunten Gem\u00fcsetellern bis zu k\u00f6stlichen Vollkornnudeln &#8211; bei uns findet jedes Kind etwas Leckeres zum Genie\u00dfen.<\/p>\n<\/div>\n\n\n\n<div class=\"wp-block-column infobox is-layout-flow wp-block-column-is-layout-flow\">\n<p class=\"has-text-align-center\"><i class=\"fas fa-heart infoicon\"><\/i><\/p>\n\n\n\n<h2 class=\"wp-block-heading has-text-align-center has-text-color\" id=\"nachhaltigkeit\" style=\"color:#1c3a92\"><strong>Nachhaltigkeit<\/strong><\/h2>\n\n\n\n<p class=\"has-text-align-center\">Nachhaltigkeit liegt uns am Herzen. Wir legen gro\u00dfen Wert auf regionale und saisonale Lebensmittel, um Transportwege zu reduzieren und lokale Produzenten zu unterst\u00fctzen. Au\u00dferdem setzen wir auf ressourcenschonende Zubereitungsmethoden und bieten Mehrwegverpackungen an, um Abfall zu minimieren. Gemeinsam m\u00f6chten wir eine gesunde Zukunft f\u00fcr unsere Kinder und unsere Umwelt schaffen.<\/p>\n<\/div>\n<\/div>\n\n\n\n<div style=\"height:100px\" aria-hidden=\"true\" class=\"wp-block-spacer\"><\/div>\n<\/div><\/div>\n\n\n\n<div style=\"height:50px\" aria-hidden=\"true\" class=\"wp-block-spacer\"><\/div>\n\n\n\n<h2 class=\"wp-block-heading has-text-align-center has-text-color\" id=\"der-verein\" style=\"color:#1c3a92\"><strong>Der Verein<\/strong><\/h2>\n\n\n\n<p class=\"has-text-align-center\">Der Saarl\u00e4ndische Verein der Schul- &amp; Kindergartencaterer ist eine engagierte Gemeinschaft von Catering-Experten, die sich leidenschaftlich daf\u00fcr einsetzen, gesunde Ern\u00e4hrung in Schulen und Kinderg\u00e4rten zu f\u00f6rdern. Unser Verein besteht aus erfahrenen K\u00f6chen, Ern\u00e4hrungsexperten und p\u00e4dagogischen Fachkr\u00e4ften, die ihr Wissen und ihre Erfahrungen b\u00fcndeln, um die bestm\u00f6gliche Verpflegung f\u00fcr Kinder anzubieten.<\/p>\n\n\n\n<p class=\"has-text-align-center\">Unser Ziel ist es, Kindern eine ausgewogene Ern\u00e4hrung zu erm\u00f6glichen, die nicht nur ihren N\u00e4hrstoffbedarf deckt, sondern auch ihren Geschmackssinn entwickelt und ihre Freude am Essen f\u00f6rdert. Wir arbeiten eng mit Schulen, Kinderg\u00e4rten, Eltern und anderen Interessengruppen zusammen, um innovative Konzepte und L\u00f6sungen zu entwickeln, die den Bed\u00fcrfnissen und Anforderungen der Kinder gerecht werden.<\/p>\n\n\n\n<p class=\"has-text-align-center\">Unser Verein unterst\u00fctzt seine Mitglieder durch den Austausch bew\u00e4hrter Praktiken, die Organisation von Schulungen und Fortbildungen sowie die F\u00f6rderung von Netzwerken und Zusammenarbeit. Gemeinsam setzen wir uns f\u00fcr hohe Qualit\u00e4tsstandards, Nachhaltigkeit und Transparenz in der Schul- und Kindergartenern\u00e4hrung ein.<\/p>\n\n\n\n<p class=\"has-text-align-center\">Als Verein sind wir stolz darauf, einen positiven Einfluss auf das Wohlbefinden und die Gesundheit der Kinder in unserer Region zu haben. Durch unsere Arbeit m\u00f6chten wir dazu beitragen, dass Kinder sich optimal entwickeln und ihr volles Potenzial entfalten k\u00f6nnen. Gemeinsam machen wir uns stark f\u00fcr gesunde Essgewohnheiten und legen den Grundstein f\u00fcr eine gesunde Zukunft unserer Kinder.<\/p>\n\n\n\n<div style=\"height:25px\" aria-hidden=\"true\" class=\"wp-block-spacer\"><\/div>\n\n\n\n<hr class=\"wp-block-separator aligncenter has-text-color has-alpha-channel-opacity has-background\" style=\"background-color:#1c3a92;color:#1c3a92\"\/>\n\n\n\n<div style=\"height:25px\" aria-hidden=\"true\" class=\"wp-block-spacer\"><\/div>\n\n\n\n<h2 class=\"wp-block-heading has-text-align-center has-text-color\" id=\"unser-team\" style=\"color:#1c3a92\"><strong>Unser Team<\/strong><\/h2>\n\n\n\n<div style=\"height:25px\" aria-hidden=\"true\" class=\"wp-block-spacer\"><\/div>\n\n\n<div class=\"tmm tmm_team\"><div class=\"tmm_3_columns tmm_wrap tmm_plugin_f\"><span class=\"tmm_two_containers_tablet\"><\/span><div class=\"tmm_container\"><div class=\"tmm_member\" style=\"border-top:#1c3a92 solid 5px;\"><div class=\"tmm_photo tmm_pic_team_0\" style=\"background: url(https:\/\/svskc.de\/wp-content\/uploads\/2023\/10\/Team-Hubert-Pirrung.jpg); margin-left: auto; margin-right:auto; background-size:cover !important;\"><\/div><div class=\"tmm_textblock\"><div class=\"tmm_names\"><span class=\"tmm_fname\">Hubert Pirrung<\/span> <\/div><div class=\"tmm_job\">Vorstand<\/div><div class=\"tmm_scblock\"><\/div><\/div><\/div><div style=\"clear:both;\"><\/div><\/div><\/div><\/div>\n\n\n\n<div style=\"height:25px\" aria-hidden=\"true\" class=\"wp-block-spacer\"><\/div>\n\n\n\n<hr class=\"wp-block-separator aligncenter has-text-color has-alpha-channel-opacity has-background\" style=\"background-color:#1c3a92;color:#1c3a92\"\/>\n\n\n\n<div style=\"height:25px\" aria-hidden=\"true\" class=\"wp-block-spacer\"><\/div>\n\n\n\n<div class=\"wp-block-columns is-layout-flex wp-container-core-columns-is-layout-9d6595d7 wp-block-columns-is-layout-flex\">\n<div class=\"wp-block-column is-layout-flow wp-block-column-is-layout-flow\">\n<h2 class=\"wp-block-heading has-text-align-center has-text-color\" id=\"kontakt\" style=\"color:#1c3a92\"><strong>Kontakt<\/strong><\/h2>\n\n\n\n<div class=\"wpcf7 no-js\" id=\"wpcf7-f147-o1\" lang=\"de-DE\" dir=\"ltr\" data-wpcf7-id=\"147\">\n<div class=\"screen-reader-response\"><p role=\"status\" aria-live=\"polite\" aria-atomic=\"true\"><\/p> <ul><\/ul><\/div>\n<form action=\"\/index.php\/wp-json\/wp\/v2\/pages\/18#wpcf7-f147-o1\" method=\"post\" class=\"wpcf7-form init\" aria-label=\"Kontaktformular\" novalidate=\"novalidate\" data-status=\"init\">\n<fieldset class=\"hidden-fields-container\"><input type=\"hidden\" name=\"_wpcf7\" value=\"147\" \/><input type=\"hidden\" name=\"_wpcf7_version\" value=\"6.1.5\" \/><input type=\"hidden\" name=\"_wpcf7_locale\" value=\"de_DE\" \/><input type=\"hidden\" name=\"_wpcf7_unit_tag\" value=\"wpcf7-f147-o1\" \/><input type=\"hidden\" name=\"_wpcf7_container_post\" value=\"0\" \/><input type=\"hidden\" name=\"_wpcf7_posted_data_hash\" value=\"\" \/>\n<\/fieldset>\n<p><label> Dein Name<br \/>\n<span class=\"wpcf7-form-control-wrap\" data-name=\"your-name\"><input size=\"40\" maxlength=\"400\" class=\"wpcf7-form-control wpcf7-text wpcf7-validates-as-required\" autocomplete=\"name\" aria-required=\"true\" aria-invalid=\"false\" value=\"\" type=\"text\" name=\"your-name\" \/><\/span> <\/label>\n<\/p>\n<p><label> Deine E-Mail-Adresse<br \/>\n<span class=\"wpcf7-form-control-wrap\" data-name=\"your-email\"><input size=\"40\" maxlength=\"400\" class=\"wpcf7-form-control wpcf7-email wpcf7-validates-as-required wpcf7-text wpcf7-validates-as-email\" autocomplete=\"email\" aria-required=\"true\" aria-invalid=\"false\" value=\"\" type=\"email\" name=\"your-email\" \/><\/span> <\/label>\n<\/p>\n<p><label> Betreff<br \/>\n<span class=\"wpcf7-form-control-wrap\" data-name=\"your-subject\"><input size=\"40\" maxlength=\"400\" class=\"wpcf7-form-control wpcf7-text wpcf7-validates-as-required\" aria-required=\"true\" aria-invalid=\"false\" value=\"\" type=\"text\" name=\"your-subject\" \/><\/span> <\/label>\n<\/p>\n<p><label> Deine Nachricht (optional)<br \/>\n<span class=\"wpcf7-form-control-wrap\" data-name=\"your-message\"><textarea cols=\"40\" rows=\"10\" maxlength=\"2000\" class=\"wpcf7-form-control wpcf7-textarea\" aria-invalid=\"false\" name=\"your-message\"><\/textarea><\/span> <\/label>\n<\/p>\n<p><input class=\"wpcf7-form-control wpcf7-submit has-spinner\" type=\"submit\" value=\"Senden\" \/>\n<\/p><div class=\"wpcf7-response-output\" aria-hidden=\"true\"><\/div>\n<\/form>\n<\/div>\n\n<\/div>\n\n\n\n<div class=\"wp-block-column is-layout-flow wp-block-column-is-layout-flow\">\n<h2 class=\"wp-block-heading has-text-align-center has-text-color\" id=\"anfahrt\" style=\"color:#1c3a92\"><strong>Anfahrt<\/strong><\/h2>\n\n\n\n<p class=\"has-text-align-center\"><strong>Saarl\u00e4ndischer Verband der <\/strong><br><strong>Schul- und Kindergartencaterer e.V.<\/strong><\/p>\n\n\n\n<p class=\"has-text-align-center\">Ernst-Heckel-Stra\u00dfe 4<br>66386 St. Ingbert<\/p>\n\n\n\n<iframe loading=\"lazy\" class=\"gmaps\" scrolling=\"no\" marginheight=\"0\" marginwidth=\"0\" id=\"gmap_canvas\" src=\"https:\/\/maps.google.com\/maps?width=520&amp;height=400&amp;hl=en&amp;q=Ernst-Heckel-Stra%C3%9Fe%204%20St.%20Ingbert+()&amp;t=&amp;z=12&amp;ie=UTF8&amp;iwloc=B&amp;output=embed\" width=\"520\" height=\"400\" frameborder=\"0\"><\/iframe>\n<\/div>\n<\/div>\n","protected":false},"excerpt":{"rendered":"<p>Der Verein Der Saarl\u00e4ndische Verein der Schul- &amp; Kindergartencaterer ist eine engagierte Gemeinschaft von Catering-Experten, die sich leidenschaftlich daf\u00fcr einsetzen, gesunde Ern\u00e4hrung in Schulen und Kinderg\u00e4rten zu f\u00f6rdern. Unser Verein besteht aus erfahrenen K\u00f6chen, Ern\u00e4hrungsexperten und p\u00e4dagogischen Fachkr\u00e4ften, die ihr<a class=\"more-link\" href=\"https:\/\/svskc.de\/index.php\/tmm\/team\/\" title=\"Team\"><span>Read more<\/span><\/a><\/p>\n","protected":false},"author":1,"featured_media":0,"parent":0,"menu_order":0,"comment_status":"closed","ping_status":"closed","template":"","meta":{"_eb_attr":"","ghostkit_customizer_options":"","ghostkit_custom_css":"","ghostkit_custom_js_head":"","ghostkit_custom_js_foot":"","ghostkit_typography":"","footnotes":""},"class_list":["post-18","page","type-page","status-publish","hentry"],"_links":{"self":[{"href":"https:\/\/svskc.de\/index.php\/wp-json\/wp\/v2\/pages\/18","targetHints":{"allow":["GET"]}}],"collection":[{"href":"https:\/\/svskc.de\/index.php\/wp-json\/wp\/v2\/pages"}],"about":[{"href":"https:\/\/svskc.de\/index.php\/wp-json\/wp\/v2\/types\/page"}],"author":[{"embeddable":true,"href":"https:\/\/svskc.de\/index.php\/wp-json\/wp\/v2\/users\/1"}],"replies":[{"embeddable":true,"href":"https:\/\/svskc.de\/index.php\/wp-json\/wp\/v2\/comments?post=18"}],"version-history":[{"count":34,"href":"https:\/\/svskc.de\/index.php\/wp-json\/wp\/v2\/pages\/18\/revisions"}],"predecessor-version":[{"id":220,"href":"https:\/\/svskc.de\/index.php\/wp-json\/wp\/v2\/pages\/18\/revisions\/220"}],"wp:attachment":[{"href":"https:\/\/svskc.de\/index.php\/wp-json\/wp\/v2\/media?parent=18"}],"curies":[{"name":"wp","href":"https:\/\/api.w.org\/{rel}","templated":true}]}}